{"id":11069,"date":"2026-02-09T20:08:09","date_gmt":"2026-02-09T20:08:09","guid":{"rendered":"https:\/\/renovohealthandbeauty.com\/opciones-de-financiacion-en-renovo-clinic\/"},"modified":"2026-03-27T20:54:46","modified_gmt":"2026-03-27T20:54:46","slug":"financing","status":"publish","type":"page","link":"https:\/\/renovohealthandbeauty.com\/es\/financing\/","title":{"rendered":"Opciones de financiaci\u00f3n en Renovo Clinic"},"content":{"rendered":"\t\t<div data-elementor-type=\"wp-page\" data-elementor-id=\"11069\" class=\"elementor elementor-11069 elementor-11054\" data-elementor-post-type=\"page\">\n\t\t\t\t\t\t<section class=\"elementor-section elementor-top-section elementor-element elementor-element-18dada0 elementor-section-height-min-height elementor-section-boxed elementor-section-height-default elementor-section-items-middle\" data-id=\"18dada0\" data-element_type=\"section\" data-e-type=\"section\" data-settings=\"{&quot;background_background&quot;:&quot;classic&quot;}\">\n\t\t\t\t\t\t\t<div class=\"elementor-background-overlay\"><\/div>\n\t\t\t\t\t\t\t<div class=\"elementor-container elementor-column-gap-default\">\n\t\t\t\t\t<div class=\"elementor-column elementor-col-100 elementor-top-column elementor-element elementor-element-6635f3d\" data-id=\"6635f3d\" data-element_type=\"column\" data-e-type=\"column\">\n\t\t\t<div class=\"elementor-widget-wrap elementor-element-populated\">\n\t\t\t\t\t\t<div class=\"elementor-element elementor-element-da18e00 elementor-widget__width-initial elementor-widget-mobile__width-initial elementor-widget elementor-widget-heading\" data-id=\"da18e00\" data-element_type=\"widget\" data-e-type=\"widget\" data-widget_type=\"heading.default\">\n\t\t\t\t<div class=\"elementor-widget-container\">\n\t\t\t\t\t<h2 class=\"elementor-heading-title elementor-size-default\">Opciones de financiaci\u00f3n para la atenci\u00f3n que mereces<\/h2>\t\t\t\t<\/div>\n\t\t\t\t<\/div>\n\t\t\t\t\t<\/div>\n\t\t<\/div>\n\t\t\t\t\t<\/div>\n\t\t<\/section>\n\t\t\t\t<section class=\"elementor-section elementor-top-section elementor-element elementor-element-7507a5e elementor-section-height-min-height elementor-section-boxed elementor-section-height-default elementor-section-items-middle\" data-id=\"7507a5e\" data-element_type=\"section\" data-e-type=\"section\" data-settings=\"{&quot;background_background&quot;:&quot;classic&quot;}\">\n\t\t\t\t\t\t\t<div class=\"elementor-background-overlay\"><\/div>\n\t\t\t\t\t\t\t<div class=\"elementor-container elementor-column-gap-default\">\n\t\t\t\t\t<div class=\"elementor-column elementor-col-100 elementor-top-column elementor-element elementor-element-ed501d7\" data-id=\"ed501d7\" data-element_type=\"column\" data-e-type=\"column\">\n\t\t\t<div class=\"elementor-widget-wrap elementor-element-populated\">\n\t\t\t\t\t\t<div class=\"elementor-element elementor-element-38697f8 elementor-widget elementor-widget-text-editor\" data-id=\"38697f8\" data-element_type=\"widget\" data-e-type=\"widget\" data-widget_type=\"text-editor.default\">\n\t\t\t\t<div class=\"elementor-widget-container\">\n\t\t\t\t\t\t\t\t\t<h2><b>Opciones de financiaci\u00f3n en Renovo Clinic<\/b><\/h2><p><b>En Renovo Clinic, nos esforzamos por hacer que las terapias regenerativas avanzadas y de longevidad sean accesibles a todos los pacientes. <\/b><span style=\"font-weight: 400;\">Creemos que el coste no debe ser un obst\u00e1culo para una atenci\u00f3n que mejora la vida, por eso apoyamos a los pacientes con orientaci\u00f3n a trav\u00e9s de <\/span><b>heva<\/b><span style=\"font-weight: 400;\">, una <\/span><b>plataforma de asistencia m\u00e9dica <\/b><span style=\"font-weight: 400;\">nativa de<\/span> <b>IA<\/b> <span style=\"font-weight: 400;\">que <\/span><b>puede <\/b><span style=\"font-weight: 400;\">ayudar a los pacientes a explorar opciones flexibles de pago y financiaci\u00f3n para los servicios. <\/span> <\/p><p><span style=\"font-weight: 400;\">Tanto si te interesan los protocolos de c\u00e9lulas madre, la optimizaci\u00f3n del bienestar o los tratamientos est\u00e9ticos, esta experiencia guiada ayuda a que la atenci\u00f3n sea m\u00e1s accesible mediante opciones de pago manejables y un proceso sencillo y centrado en el paciente.  <\/span><\/p>\t\t\t\t\t\t\t\t<\/div>\n\t\t\t\t<\/div>\n\t\t\t\t<div class=\"elementor-element elementor-element-583478a elementor-widget elementor-widget-image\" data-id=\"583478a\" data-element_type=\"widget\" data-e-type=\"widget\" data-widget_type=\"image.default\">\n\t\t\t\t<div class=\"elementor-widget-container\">\n\t\t\t\t\t\t\t\t\t\t\t\t\t\t\t<img fetchpriority=\"high\" decoding=\"async\" width=\"732\" height=\"647\" src=\"https:\/\/renovohealthandbeauty.com\/wp-content\/uploads\/2026\/02\/Logo-QR-Creation.png\" class=\"attachment-full size-full wp-image-11065\" alt=\"Image showing financing options available at Renovo Clinic for health and beauty treatments, highlighting flexible payment plans for clients.\" srcset=\"https:\/\/renovohealthandbeauty.com\/wp-content\/uploads\/2026\/02\/Logo-QR-Creation.png 732w, https:\/\/renovohealthandbeauty.com\/wp-content\/uploads\/2026\/02\/Logo-QR-Creation-300x265.png 300w, https:\/\/renovohealthandbeauty.com\/wp-content\/uploads\/2026\/02\/Logo-QR-Creation-24x21.png 24w, https:\/\/renovohealthandbeauty.com\/wp-content\/uploads\/2026\/02\/Logo-QR-Creation-36x32.png 36w, https:\/\/renovohealthandbeauty.com\/wp-content\/uploads\/2026\/02\/Logo-QR-Creation-48x42.png 48w\" sizes=\"(max-width: 732px) 100vw, 732px\" \/>\t\t\t\t\t\t\t\t\t\t\t\t\t\t\t<\/div>\n\t\t\t\t<\/div>\n\t\t\t\t<div class=\"elementor-element elementor-element-c0af2c7 elementor-widget elementor-widget-text-editor\" data-id=\"c0af2c7\" data-element_type=\"widget\" data-e-type=\"widget\" data-widget_type=\"text-editor.default\">\n\t\t\t\t<div class=\"elementor-widget-container\">\n\t\t\t\t\t\t\t\t\t<p><b>heva es una<\/b> <b>plataforma de asistencia m\u00e9dica nativa <\/b><span style=\"font-weight: 400;\">de<\/span> IA <span style=\"font-weight: 400;\">dise\u00f1ada para guiar a los pacientes durante todo su proceso de atenci\u00f3n en Renovo Clinic. <\/span> <\/p><p><span style=\"font-weight: 400;\">A trav\u00e9s de la experiencia guiada de Heva, los pacientes reciben claridad, formaci\u00f3n y apoyo para el siguiente paso. Cuando sea aplicable, esta experiencia puede incluir la capacidad de   <\/span><b>Explora opciones de financiaci\u00f3n exclusivamente para el pago de servicios m\u00e9dicos<\/b><span style=\"font-weight: 400;\">, ayudando a los pacientes a avanzar con confianza. <\/span> <\/p>\t\t\t\t\t\t\t\t<\/div>\n\t\t\t\t<\/div>\n\t\t\t\t<div class=\"elementor-element elementor-element-be1c1bd elementor-widget elementor-widget-text-editor\" data-id=\"be1c1bd\" data-element_type=\"widget\" data-e-type=\"widget\" data-widget_type=\"text-editor.default\">\n\t\t\t\t<div class=\"elementor-widget-container\">\n\t\t\t\t\t\t\t\t\t<div data-olk-copy-source=\"MessageBody\"><strong>C\u00f3mo funciona<\/strong><\/div><div data-olk-copy-source=\"MessageBody\"> <\/div><div>Cuando programes tu tratamiento en Renovo Clinic, uno de nuestros asesores m\u00e9dicos te enviar\u00e1 un enlace de pago que incluye el coste total de tu tratamiento. Luego puedes elegir Klarna o Afterpay como m\u00e9todo de pago y seguir los sencillos pasos proporcionados. <\/div><div> <\/div><div>Para m\u00e1s informaci\u00f3n y preguntas frecuentes, <b><a href=\"https:\/\/renovohealthandbeauty.com\/wp-content\/uploads\/2026\/03\/Klarna-Financing-brochure.pdf\" rel=\"noopener\" download=\"\">por favor descarga nuestro folleto digital aqu\u00ed<\/a>. <\/b> <\/div><p><b>\u00bfPreguntas?<\/b><\/p><p>\u00a1Nuestro equipo est\u00e1 aqu\u00ed para ayudarte! Puedes contactarnos en el (619) 407-7878. <\/p>\t\t\t\t\t\t\t\t<\/div>\n\t\t\t\t<\/div>\n\t\t\t\t<div class=\"elementor-element elementor-element-a22a34c elementor-widget elementor-widget-text-editor\" data-id=\"a22a34c\" data-element_type=\"widget\" data-e-type=\"widget\" data-widget_type=\"text-editor.default\">\n\t\t\t\t<div class=\"elementor-widget-container\">\n\t\t\t\t\t\t\t\t\t<p><span style=\"font-weight: 400;\"><strong>Por favor, ten en cuenta:<\/strong> Renovo Clinic ofrece presupuestos en efectivo. Adem\u00e1s de cualquier comisi\u00f3n que la financiera te cobre directamente, consulta con el prestamista si existe una comisi\u00f3n de financiaci\u00f3n que se cobre a Renovo Clinic. Si es as\u00ed, el precio en efectivo de Renovo Clinic no se aplicar\u00eda y se te cobrar\u00eda una tarifa m\u00e1s alta, normalmente alrededor del 5%. Si eliges una financiaci\u00f3n que te pague directamente y Renovo Clinic no incurre en costes adicionales, podr\u00edamos aceptar el precio en efectivo.   <\/span><\/p>\t\t\t\t\t\t\t\t<\/div>\n\t\t\t\t<\/div>\n\t\t\t\t\t<\/div>\n\t\t<\/div>\n\t\t\t\t\t<\/div>\n\t\t<\/section>\n\t\t\t\t<section class=\"elementor-section elementor-top-section elementor-element elementor-element-841ca02 elementor-section-height-min-height elementor-section-boxed elementor-section-height-default elementor-section-items-middle\" data-id=\"841ca02\" data-element_type=\"section\" data-e-type=\"section\" data-settings=\"{&quot;background_background&quot;:&quot;classic&quot;}\">\n\t\t\t\t\t\t\t<div class=\"elementor-background-overlay\"><\/div>\n\t\t\t\t\t\t\t<div class=\"elementor-container elementor-column-gap-default\">\n\t\t\t\t\t<div class=\"elementor-column elementor-col-100 elementor-top-column elementor-element elementor-element-a54b2fb\" data-id=\"a54b2fb\" data-element_type=\"column\" data-e-type=\"column\">\n\t\t\t<div class=\"elementor-widget-wrap elementor-element-populated\">\n\t\t\t\t\t\t<div class=\"elementor-element elementor-element-3727fa4 elementor-widget elementor-widget-text-editor\" data-id=\"3727fa4\" data-element_type=\"widget\" data-e-type=\"widget\" data-widget_type=\"text-editor.default\">\n\t\t\t\t<div class=\"elementor-widget-container\">\n\t\t\t\t\t\t\t\t\t<h3><b>Requisito de reserva y dep\u00f3sito<\/b><span style=\"font-weight: 400;\"><br><\/span><\/h3><p><span style=\"font-weight: 400;\">Para confirmar tu reserva de tratamiento, un <\/span><b>dep\u00f3sito del 30%<\/b><span style=\"font-weight: 400;\">  del importe total es necesario. Esto garantiza que el equipo necesario, los suministros quir\u00fargicos y las c\u00e9lulas madre est\u00e9n preparados con antelaci\u00f3n para la cita programada. <\/span><\/p><p><span style=\"font-weight: 400;\">Al seleccionar los enlaces de financiaci\u00f3n, reconoces que ser\u00e1s redirigido a un sitio web de terceros. Renovo Clinic no tiene control sobre el contenido, las tarifas, los tipos de inter\u00e9s, los contratos o los servicios ofrecidos por estas entidades financieras y no los respalda, salvo por ofrecerte el enlace para acceder a la informaci\u00f3n. <\/span><\/p><h3><b>Tratamientos y apoyo al alojamiento<\/b><\/h3><p><span style=\"font-weight: 400;\">Algunas terapias regenerativas avanzadas pueden requerir que los pacientes permanezcan a pasar la noche <\/span><b>cerca<\/b><span style=\"font-weight: 400;\">  Nuestra cl\u00ednica. Nuestro equipo asiste a los pacientes con   <\/span><b>Reservas de hotel en alojamientos de confianza convenientemente situados a poca distancia a pie de la Cl\u00ednica Renovo<\/b><span style=\"font-weight: 400;\">.<\/span><\/p><p><span style=\"font-weight: 400;\">Para garantizar una experiencia fluida y sin estr\u00e9s, tambi\u00e9n ofrecemos servicios de <\/span><b>transporte de ida y vuelta<\/b><span style=\"font-weight: 400;\"> y podemos incluir un <\/span><b>Fast-Pass<\/b><span style=\"font-weight: 400;\">  opci\u00f3n para ayudar a minimizar los tiempos de espera al cruzar la frontera de regreso a Estados Unidos. Toda la log\u00edstica y alojamiento de los viajes se coordina y personaliza con antelaci\u00f3n a trav\u00e9s de tu coordinador dedicado de la Cl\u00ednica Renovo. <\/span><\/p><p><b>Programa tu consulta hoy mismo<\/b><\/p>\t\t\t\t\t\t\t\t<\/div>\n\t\t\t\t<\/div>\n\t\t\t\t<div class=\"elementor-element elementor-element-27cad2b elementor-widget elementor-widget-button\" data-id=\"27cad2b\" data-element_type=\"widget\" data-e-type=\"widget\" data-widget_type=\"button.default\">\n\t\t\t\t<div class=\"elementor-widget-container\">\n\t\t\t\t\t\t\t\t\t<div class=\"elementor-button-wrapper\">\n\t\t\t\t\t<a class=\"elementor-button elementor-button-link elementor-size-sm\" href=\"https:\/\/renovohealthandbeauty.com\/es\/contactenos\/\">\n\t\t\t\t\t\t<span class=\"elementor-button-content-wrapper\">\n\t\t\t\t\t\t\t\t\t<span class=\"elementor-button-text\">Cont\u00e1ctanos  <\/span>\n\t\t\t\t\t<\/span>\n\t\t\t\t\t<\/a>\n\t\t\t\t<\/div>\n\t\t\t\t\t\t\t\t<\/div>\n\t\t\t\t<\/div>\n\t\t\t\t\t<\/div>\n\t\t<\/div>\n\t\t\t\t\t<\/div>\n\t\t<\/section>\n\t\t\t\t<\/div>\n\t\t","protected":false},"excerpt":{"rendered":"<p>Opciones de financiaci\u00f3n para la atenci\u00f3n que mereces Opciones de financiaci\u00f3n en Renovo Clinic En Renovo Clinic, nos esforzamos por hacer que las terapias regenerativas avanzadas y de longevidad sean accesibles a todos los pacientes. Creemos que el coste no debe ser un obst\u00e1culo para una atenci\u00f3n que mejora la vida, por eso apoyamos a [&hellip;]<\/p>\n","protected":false},"author":1,"featured_media":0,"parent":0,"menu_order":0,"comment_status":"closed","ping_status":"closed","template":"elementor_header_footer","meta":{"footnotes":""},"class_list":["post-11069","page","type-page","status-publish","hentry"],"blocksy_meta":[],"yoast_head":"<!-- This site is optimized with the Yoast SEO plugin v27.4 - https:\/\/yoast.com\/product\/yoast-seo-wordpress\/ -->\n<title>Opciones de financiaci\u00f3n en Renovo Clinic - Renovo Health and Beauty<\/title>\n<meta name=\"robots\" content=\"index, follow, max-snippet:-1, max-image-preview:large, max-video-preview:-1\" \/>\n<link rel=\"canonical\" href=\"https:\/\/renovohealthandbeauty.com\/es\/financing\/\" \/>\n<meta property=\"og:locale\" content=\"es_ES\" \/>\n<meta property=\"og:type\" content=\"article\" \/>\n<meta property=\"og:title\" content=\"Opciones de financiaci\u00f3n en Renovo Clinic - Renovo Health and Beauty\" \/>\n<meta property=\"og:description\" content=\"Opciones de financiaci\u00f3n para la atenci\u00f3n que mereces Opciones de financiaci\u00f3n en Renovo Clinic En Renovo Clinic, nos esforzamos por hacer que las terapias regenerativas avanzadas y de longevidad sean accesibles a todos los pacientes. Creemos que el coste no debe ser un obst\u00e1culo para una atenci\u00f3n que mejora la vida, por eso apoyamos a [&hellip;]\" \/>\n<meta property=\"og:url\" content=\"https:\/\/renovohealthandbeauty.com\/es\/financing\/\" \/>\n<meta property=\"og:site_name\" content=\"Renovo Health and Beauty\" \/>\n<meta property=\"article:publisher\" content=\"https:\/\/www.facebook.com\/renovohealthandbeauty\" \/>\n<meta property=\"article:modified_time\" content=\"2026-03-27T20:54:46+00:00\" \/>\n<meta property=\"og:image\" content=\"https:\/\/renovohealthandbeauty.com\/wp-content\/uploads\/2026\/02\/Logo-QR-Creation.png\" \/>\n\t<meta property=\"og:image:width\" content=\"732\" \/>\n\t<meta property=\"og:image:height\" content=\"647\" \/>\n\t<meta property=\"og:image:type\" content=\"image\/png\" \/>\n<meta name=\"twitter:card\" content=\"summary_large_image\" \/>\n<meta name=\"twitter:label1\" content=\"Tiempo de lectura\" \/>\n\t<meta name=\"twitter:data1\" content=\"3 minutos\" \/>\n<script type=\"application\/ld+json\" class=\"yoast-schema-graph\">{\"@context\":\"https:\\\/\\\/schema.org\",\"@graph\":[{\"@type\":\"WebPage\",\"@id\":\"https:\\\/\\\/renovohealthandbeauty.com\\\/es\\\/financing\\\/\",\"url\":\"https:\\\/\\\/renovohealthandbeauty.com\\\/es\\\/financing\\\/\",\"name\":\"Opciones de financiaci\u00f3n en Renovo Clinic - Renovo Health and Beauty\",\"isPartOf\":{\"@id\":\"https:\\\/\\\/renovohealthandbeauty.com\\\/es\\\/#website\"},\"primaryImageOfPage\":{\"@id\":\"https:\\\/\\\/renovohealthandbeauty.com\\\/es\\\/financing\\\/#primaryimage\"},\"image\":{\"@id\":\"https:\\\/\\\/renovohealthandbeauty.com\\\/es\\\/financing\\\/#primaryimage\"},\"thumbnailUrl\":\"https:\\\/\\\/renovohealthandbeauty.com\\\/wp-content\\\/uploads\\\/2026\\\/02\\\/Logo-QR-Creation.png\",\"datePublished\":\"2026-02-09T20:08:09+00:00\",\"dateModified\":\"2026-03-27T20:54:46+00:00\",\"breadcrumb\":{\"@id\":\"https:\\\/\\\/renovohealthandbeauty.com\\\/es\\\/financing\\\/#breadcrumb\"},\"inLanguage\":\"es\",\"potentialAction\":[{\"@type\":\"ReadAction\",\"target\":[\"https:\\\/\\\/renovohealthandbeauty.com\\\/es\\\/financing\\\/\"]}]},{\"@type\":\"ImageObject\",\"inLanguage\":\"es\",\"@id\":\"https:\\\/\\\/renovohealthandbeauty.com\\\/es\\\/financing\\\/#primaryimage\",\"url\":\"https:\\\/\\\/renovohealthandbeauty.com\\\/wp-content\\\/uploads\\\/2026\\\/02\\\/Logo-QR-Creation.png\",\"contentUrl\":\"https:\\\/\\\/renovohealthandbeauty.com\\\/wp-content\\\/uploads\\\/2026\\\/02\\\/Logo-QR-Creation.png\"},{\"@type\":\"BreadcrumbList\",\"@id\":\"https:\\\/\\\/renovohealthandbeauty.com\\\/es\\\/financing\\\/#breadcrumb\",\"itemListElement\":[{\"@type\":\"ListItem\",\"position\":1,\"name\":\"Hogar\",\"item\":\"https:\\\/\\\/renovohealthandbeauty.com\\\/es\\\/\"},{\"@type\":\"ListItem\",\"position\":2,\"name\":\"Opciones de financiaci\u00f3n en Renovo Clinic\"}]},{\"@type\":\"WebSite\",\"@id\":\"https:\\\/\\\/renovohealthandbeauty.com\\\/es\\\/#website\",\"url\":\"https:\\\/\\\/renovohealthandbeauty.com\\\/es\\\/\",\"name\":\"Renovo Health and Beauty\",\"description\":\"Health and Beauty\",\"publisher\":{\"@id\":\"https:\\\/\\\/renovohealthandbeauty.com\\\/es\\\/#organization\"},\"potentialAction\":[{\"@type\":\"SearchAction\",\"target\":{\"@type\":\"EntryPoint\",\"urlTemplate\":\"https:\\\/\\\/renovohealthandbeauty.com\\\/es\\\/?s={search_term_string}\"},\"query-input\":{\"@type\":\"PropertyValueSpecification\",\"valueRequired\":true,\"valueName\":\"search_term_string\"}}],\"inLanguage\":\"es\"},{\"@type\":\"Organization\",\"@id\":\"https:\\\/\\\/renovohealthandbeauty.com\\\/es\\\/#organization\",\"name\":\"Renovo Health and Beauty\",\"url\":\"https:\\\/\\\/renovohealthandbeauty.com\\\/es\\\/\",\"logo\":{\"@type\":\"ImageObject\",\"inLanguage\":\"es\",\"@id\":\"https:\\\/\\\/renovohealthandbeauty.com\\\/es\\\/#\\\/schema\\\/logo\\\/image\\\/\",\"url\":\"https:\\\/\\\/renovohealthandbeauty.com\\\/wp-content\\\/uploads\\\/2022\\\/07\\\/favicon.png\",\"contentUrl\":\"https:\\\/\\\/renovohealthandbeauty.com\\\/wp-content\\\/uploads\\\/2022\\\/07\\\/favicon.png\",\"width\":267,\"height\":264,\"caption\":\"Renovo Health and Beauty\"},\"image\":{\"@id\":\"https:\\\/\\\/renovohealthandbeauty.com\\\/es\\\/#\\\/schema\\\/logo\\\/image\\\/\"},\"sameAs\":[\"https:\\\/\\\/www.facebook.com\\\/renovohealthandbeauty\",\"https:\\\/\\\/www.instagram.com\\\/renovohealthandbeauty\\\/\"]}]}<\/script>\n<!-- \/ Yoast SEO plugin. -->","yoast_head_json":{"title":"Opciones de financiaci\u00f3n en Renovo Clinic - Renovo Health and Beauty","robots":{"index":"index","follow":"follow","max-snippet":"max-snippet:-1","max-image-preview":"max-image-preview:large","max-video-preview":"max-video-preview:-1"},"canonical":"https:\/\/renovohealthandbeauty.com\/es\/financing\/","og_locale":"es_ES","og_type":"article","og_title":"Opciones de financiaci\u00f3n en Renovo Clinic - Renovo Health and Beauty","og_description":"Opciones de financiaci\u00f3n para la atenci\u00f3n que mereces Opciones de financiaci\u00f3n en Renovo Clinic En Renovo Clinic, nos esforzamos por hacer que las terapias regenerativas avanzadas y de longevidad sean accesibles a todos los pacientes. Creemos que el coste no debe ser un obst\u00e1culo para una atenci\u00f3n que mejora la vida, por eso apoyamos a [&hellip;]","og_url":"https:\/\/renovohealthandbeauty.com\/es\/financing\/","og_site_name":"Renovo Health and Beauty","article_publisher":"https:\/\/www.facebook.com\/renovohealthandbeauty","article_modified_time":"2026-03-27T20:54:46+00:00","og_image":[{"width":732,"height":647,"url":"https:\/\/renovohealthandbeauty.com\/wp-content\/uploads\/2026\/02\/Logo-QR-Creation.png","type":"image\/png"}],"twitter_card":"summary_large_image","twitter_misc":{"Tiempo de lectura":"3 minutos"},"schema":{"@context":"https:\/\/schema.org","@graph":[{"@type":"WebPage","@id":"https:\/\/renovohealthandbeauty.com\/es\/financing\/","url":"https:\/\/renovohealthandbeauty.com\/es\/financing\/","name":"Opciones de financiaci\u00f3n en Renovo Clinic - Renovo Health and Beauty","isPartOf":{"@id":"https:\/\/renovohealthandbeauty.com\/es\/#website"},"primaryImageOfPage":{"@id":"https:\/\/renovohealthandbeauty.com\/es\/financing\/#primaryimage"},"image":{"@id":"https:\/\/renovohealthandbeauty.com\/es\/financing\/#primaryimage"},"thumbnailUrl":"https:\/\/renovohealthandbeauty.com\/wp-content\/uploads\/2026\/02\/Logo-QR-Creation.png","datePublished":"2026-02-09T20:08:09+00:00","dateModified":"2026-03-27T20:54:46+00:00","breadcrumb":{"@id":"https:\/\/renovohealthandbeauty.com\/es\/financing\/#breadcrumb"},"inLanguage":"es","potentialAction":[{"@type":"ReadAction","target":["https:\/\/renovohealthandbeauty.com\/es\/financing\/"]}]},{"@type":"ImageObject","inLanguage":"es","@id":"https:\/\/renovohealthandbeauty.com\/es\/financing\/#primaryimage","url":"https:\/\/renovohealthandbeauty.com\/wp-content\/uploads\/2026\/02\/Logo-QR-Creation.png","contentUrl":"https:\/\/renovohealthandbeauty.com\/wp-content\/uploads\/2026\/02\/Logo-QR-Creation.png"},{"@type":"BreadcrumbList","@id":"https:\/\/renovohealthandbeauty.com\/es\/financing\/#breadcrumb","itemListElement":[{"@type":"ListItem","position":1,"name":"Hogar","item":"https:\/\/renovohealthandbeauty.com\/es\/"},{"@type":"ListItem","position":2,"name":"Opciones de financiaci\u00f3n en Renovo Clinic"}]},{"@type":"WebSite","@id":"https:\/\/renovohealthandbeauty.com\/es\/#website","url":"https:\/\/renovohealthandbeauty.com\/es\/","name":"Renovo Health and Beauty","description":"Health and Beauty","publisher":{"@id":"https:\/\/renovohealthandbeauty.com\/es\/#organization"},"potentialAction":[{"@type":"SearchAction","target":{"@type":"EntryPoint","urlTemplate":"https:\/\/renovohealthandbeauty.com\/es\/?s={search_term_string}"},"query-input":{"@type":"PropertyValueSpecification","valueRequired":true,"valueName":"search_term_string"}}],"inLanguage":"es"},{"@type":"Organization","@id":"https:\/\/renovohealthandbeauty.com\/es\/#organization","name":"Renovo Health and Beauty","url":"https:\/\/renovohealthandbeauty.com\/es\/","logo":{"@type":"ImageObject","inLanguage":"es","@id":"https:\/\/renovohealthandbeauty.com\/es\/#\/schema\/logo\/image\/","url":"https:\/\/renovohealthandbeauty.com\/wp-content\/uploads\/2022\/07\/favicon.png","contentUrl":"https:\/\/renovohealthandbeauty.com\/wp-content\/uploads\/2022\/07\/favicon.png","width":267,"height":264,"caption":"Renovo Health and Beauty"},"image":{"@id":"https:\/\/renovohealthandbeauty.com\/es\/#\/schema\/logo\/image\/"},"sameAs":["https:\/\/www.facebook.com\/renovohealthandbeauty","https:\/\/www.instagram.com\/renovohealthandbeauty\/"]}]}},"_links":{"self":[{"href":"https:\/\/renovohealthandbeauty.com\/es\/wp-json\/wp\/v2\/pages\/11069","targetHints":{"allow":["GET"]}}],"collection":[{"href":"https:\/\/renovohealthandbeauty.com\/es\/wp-json\/wp\/v2\/pages"}],"about":[{"href":"https:\/\/renovohealthandbeauty.com\/es\/wp-json\/wp\/v2\/types\/page"}],"author":[{"embeddable":true,"href":"https:\/\/renovohealthandbeauty.com\/es\/wp-json\/wp\/v2\/users\/1"}],"replies":[{"embeddable":true,"href":"https:\/\/renovohealthandbeauty.com\/es\/wp-json\/wp\/v2\/comments?post=11069"}],"version-history":[{"count":0,"href":"https:\/\/renovohealthandbeauty.com\/es\/wp-json\/wp\/v2\/pages\/11069\/revisions"}],"wp:attachment":[{"href":"https:\/\/renovohealthandbeauty.com\/es\/wp-json\/wp\/v2\/media?parent=11069"}],"curies":[{"name":"wp","href":"https:\/\/api.w.org\/{rel}","templated":true}]}}