{"id":11996,"date":"2026-05-05T20:35:52","date_gmt":"2026-05-05T20:35:52","guid":{"rendered":"https:\/\/renovohealthandbeauty.com\/test-page-only\/"},"modified":"2026-05-05T20:59:46","modified_gmt":"2026-05-05T20:59:46","slug":"test-page-only","status":"publish","type":"page","link":"https:\/\/renovohealthandbeauty.com\/es\/test-page-only\/","title":{"rendered":"Solo p\u00e1gina de prueba"},"content":{"rendered":"\t\t<div data-elementor-type=\"wp-page\" data-elementor-id=\"11996\" class=\"elementor elementor-11996 elementor-11991\" data-elementor-post-type=\"page\">\n\t\t\t\t\t\t<section class=\"elementor-section elementor-top-section elementor-element elementor-element-6a0a514 elementor-section-height-min-height elementor-section-boxed elementor-section-height-default elementor-section-items-middle\" data-id=\"6a0a514\" data-element_type=\"section\" data-e-type=\"section\">\n\t\t\t\t\t\t<div class=\"elementor-container elementor-column-gap-default\">\n\t\t\t\t\t<div class=\"elementor-column elementor-col-100 elementor-top-column elementor-element elementor-element-2e2ff5e\" data-id=\"2e2ff5e\" data-element_type=\"column\" data-e-type=\"column\">\n\t\t\t<div class=\"elementor-widget-wrap elementor-element-populated\">\n\t\t\t\t\t\t<div class=\"elementor-element elementor-element-700d05c elementor-widget elementor-widget-text-editor\" data-id=\"700d05c\" data-element_type=\"widget\" data-e-type=\"widget\" data-widget_type=\"text-editor.default\">\n\t\t\t\t<div class=\"elementor-widget-container\">\n\t\t\t\t\t\t\t\t\t<p>Lorem ipsum dolor sit amet, consectetur adipiscing elit. Ut elit tellus, luctus nec ullamcorper mattis, pulvinar dapibus leo.<\/p>\t\t\t\t\t\t\t\t<\/div>\n\t\t\t\t<\/div>\n\t\t\t\t\t<\/div>\n\t\t<\/div>\n\t\t\t\t\t<\/div>\n\t\t<\/section>\n\t\t\t\t<section class=\"elementor-section elementor-top-section elementor-element elementor-element-d3b54de ct-section-stretched elementor-section-boxed elementor-section-height-default elementor-section-height-default\" data-id=\"d3b54de\" data-element_type=\"section\" data-e-type=\"section\" data-settings=\"{&quot;background_background&quot;:&quot;classic&quot;}\">\n\t\t\t\t\t\t\t<div class=\"elementor-background-overlay\"><\/div>\n\t\t\t\t\t\t\t<div class=\"elementor-container elementor-column-gap-default\">\n\t\t\t\t\t<div class=\"elementor-column elementor-col-100 elementor-top-column elementor-element elementor-element-d54b525\" data-id=\"d54b525\" data-element_type=\"column\" data-e-type=\"column\">\n\t\t\t<div class=\"elementor-widget-wrap elementor-element-populated\">\n\t\t\t\t\t\t<section class=\"elementor-section elementor-inner-section elementor-element elementor-element-6aa3228 elementor-section-boxed elementor-section-height-default elementor-section-height-default\" data-id=\"6aa3228\" data-element_type=\"section\" data-e-type=\"section\">\n\t\t\t\t\t\t<div class=\"elementor-container elementor-column-gap-default\">\n\t\t\t\t\t<div class=\"elementor-column elementor-col-50 elementor-inner-column elementor-element elementor-element-c5224ec\" data-id=\"c5224ec\" data-element_type=\"column\" data-e-type=\"column\">\n\t\t\t<div class=\"elementor-widget-wrap elementor-element-populated\">\n\t\t\t\t\t\t<div class=\"elementor-element elementor-element-7c8b3cc elementor-widget elementor-widget-heading\" data-id=\"7c8b3cc\" data-element_type=\"widget\" data-e-type=\"widget\" data-widget_type=\"heading.default\">\n\t\t\t\t<div class=\"elementor-widget-container\">\n\t\t\t\t\t<h2 class=\"elementor-heading-title elementor-size-default\">Conozca a nuestro Director M\u00e9dico, el Doctor Jos\u00e9 A. Jim\u00e9nez<\/h2>\t\t\t\t<\/div>\n\t\t\t\t<\/div>\n\t\t\t\t<div class=\"elementor-element elementor-element-6612da6 elementor-widget elementor-widget-text-editor\" data-id=\"6612da6\" data-element_type=\"widget\" data-e-type=\"widget\" data-widget_type=\"text-editor.default\">\n\t\t\t\t<div class=\"elementor-widget-container\">\n\t\t\t\t\t\t\t\t\t<p>Con m\u00e1s de 30 a\u00f1os de experiencia en la pr\u00e1ctica de la medicina, el Doctor Jim\u00e9nez aporta una pasi\u00f3n y un conocimiento por la salud y el bienestar inigualables. En Renovo Health and Beauty, se esfuerza por ofrecer la m\u00e1s alta calidad de tratamientos regenerativos, alternativas a cirug\u00edas invasivas, tratamientos est\u00e9ticos y otros servicios auxiliares para ayudar a nuestros pacientes a verse y sentirse lo mejor posible.<\/p><p>Algunas de las credenciales m\u00e1s notables del Doctor Jim\u00e9nez incluyen:<\/p>\t\t\t\t\t\t\t\t<\/div>\n\t\t\t\t<\/div>\n\t\t\t\t<div class=\"elementor-element elementor-element-ba607c6 elementor-icon-list--layout-traditional elementor-list-item-link-full_width elementor-widget elementor-widget-icon-list\" data-id=\"ba607c6\" data-element_type=\"widget\" data-e-type=\"widget\" data-widget_type=\"icon-list.default\">\n\t\t\t\t<div class=\"elementor-widget-container\">\n\t\t\t\t\t\t\t<ul class=\"elementor-icon-list-items\">\n\t\t\t\t\t\t\t<li class=\"elementor-icon-list-item\">\n\t\t\t\t\t\t\t\t\t\t\t<span class=\"elementor-icon-list-icon\">\n\t\t\t\t\t\t\t<i aria-hidden=\"true\" class=\"icon icon-checkmark\"><\/i>\t\t\t\t\t\t<\/span>\n\t\t\t\t\t\t\t\t\t\t<span class=\"elementor-icon-list-text\"><b>Cirujano Certificado<\/b> - Universidad Nacional Aut\u00f3noma de M\u00e9xico<\/span>\n\t\t\t\t\t\t\t\t\t<\/li>\n\t\t\t\t\t\t\t\t<li class=\"elementor-icon-list-item\">\n\t\t\t\t\t\t\t\t\t\t\t<span class=\"elementor-icon-list-icon\">\n\t\t\t\t\t\t\t<i aria-hidden=\"true\" class=\"icon icon-checkmark\"><\/i>\t\t\t\t\t\t<\/span>\n\t\t\t\t\t\t\t\t\t\t<span class=\"elementor-icon-list-text\"><b>Especialista en Cuidados Intensivos<\/b> - American British Crowdray Hospital<\/span>\n\t\t\t\t\t\t\t\t\t<\/li>\n\t\t\t\t\t\t\t\t<li class=\"elementor-icon-list-item\">\n\t\t\t\t\t\t\t\t\t\t\t<span class=\"elementor-icon-list-icon\">\n\t\t\t\t\t\t\t<i aria-hidden=\"true\" class=\"icon icon-checkmark\"><\/i>\t\t\t\t\t\t<\/span>\n\t\t\t\t\t\t\t\t\t\t<span class=\"elementor-icon-list-text\"><b>Certificado para ultrasonido musculoesquel\u00e9tico en el punto de atenci\u00f3n<\/b> - Harvard Medical<\/span>\n\t\t\t\t\t\t\t\t\t<\/li>\n\t\t\t\t\t\t\t\t<li class=\"elementor-icon-list-item\">\n\t\t\t\t\t\t\t\t\t\t\t<span class=\"elementor-icon-list-icon\">\n\t\t\t\t\t\t\t<i aria-hidden=\"true\" class=\"icon icon-checkmark\"><\/i>\t\t\t\t\t\t<\/span>\n\t\t\t\t\t\t\t\t\t\t<span class=\"elementor-icon-list-text\"><b>Miembro electo de la Junta Directiva<\/b> de la Academia Americana de Medicina Regenerativa<\/span>\n\t\t\t\t\t\t\t\t\t<\/li>\n\t\t\t\t\t\t<\/ul>\n\t\t\t\t\t\t<\/div>\n\t\t\t\t<\/div>\n\t\t\t\t\t<\/div>\n\t\t<\/div>\n\t\t\t\t<div class=\"elementor-column elementor-col-50 elementor-inner-column elementor-element elementor-element-0af2e99\" data-id=\"0af2e99\" data-element_type=\"column\" data-e-type=\"column\">\n\t\t\t<div class=\"elementor-widget-wrap elementor-element-populated\">\n\t\t\t\t\t\t<div class=\"elementor-element elementor-element-e03760a elementor-widget__width-initial elementor-widget elementor-widget-image\" data-id=\"e03760a\" data-element_type=\"widget\" data-e-type=\"widget\" data-widget_type=\"image.default\">\n\t\t\t\t<div class=\"elementor-widget-container\">\n\t\t\t\t\t\t\t\t\t\t\t\t\t\t\t<img fetchpriority=\"high\" decoding=\"async\" width=\"683\" height=\"1024\" src=\"https:\/\/renovohealthandbeauty.com\/wp-content\/uploads\/2023\/09\/DR_PEPE3-683x1024.jpg\" class=\"attachment-large size-large wp-image-4734\" alt=\"\" srcset=\"https:\/\/renovohealthandbeauty.com\/wp-content\/uploads\/2023\/09\/DR_PEPE3-683x1024.jpg 683w, https:\/\/renovohealthandbeauty.com\/wp-content\/uploads\/2023\/09\/DR_PEPE3-200x300.jpg 200w, https:\/\/renovohealthandbeauty.com\/wp-content\/uploads\/2023\/09\/DR_PEPE3-768x1152.jpg 768w, https:\/\/renovohealthandbeauty.com\/wp-content\/uploads\/2023\/09\/DR_PEPE3-1024x1536.jpg 1024w, https:\/\/renovohealthandbeauty.com\/wp-content\/uploads\/2023\/09\/DR_PEPE3-scaled.jpg 1200w, https:\/\/renovohealthandbeauty.com\/wp-content\/uploads\/2023\/09\/DR_PEPE3-8x12.jpg 8w, https:\/\/renovohealthandbeauty.com\/wp-content\/uploads\/2023\/09\/DR_PEPE3-16x24.jpg 16w, https:\/\/renovohealthandbeauty.com\/wp-content\/uploads\/2023\/09\/DR_PEPE3-24x36.jpg 24w, https:\/\/renovohealthandbeauty.com\/wp-content\/uploads\/2023\/09\/DR_PEPE3-32x48.jpg 32w\" sizes=\"(max-width: 683px) 100vw, 683px\" \/>\t\t\t\t\t\t\t\t\t\t\t\t\t\t\t<\/div>\n\t\t\t\t<\/div>\n\t\t\t\t\t<\/div>\n\t\t<\/div>\n\t\t\t\t\t<\/div>\n\t\t<\/section>\n\t\t\t\t<section class=\"elementor-section elementor-inner-section elementor-element elementor-element-d158720 elementor-section-full_width elementor-section-height-default elementor-section-height-default\" data-id=\"d158720\" data-element_type=\"section\" data-e-type=\"section\" data-settings=\"{&quot;background_background&quot;:&quot;classic&quot;}\">\n\t\t\t\t\t\t<div class=\"elementor-container elementor-column-gap-custom\">\n\t\t\t\t\t<div class=\"elementor-column elementor-col-50 elementor-inner-column elementor-element elementor-element-43fd0b9\" data-id=\"43fd0b9\" data-element_type=\"column\" data-e-type=\"column\">\n\t\t\t<div class=\"elementor-widget-wrap elementor-element-populated\">\n\t\t\t\t\t\t<div class=\"elementor-element elementor-element-f32ca6f elementor-align-justify elementor-widget elementor-widget-button\" data-id=\"f32ca6f\" data-element_type=\"widget\" data-e-type=\"widget\" data-widget_type=\"button.default\">\n\t\t\t\t<div class=\"elementor-widget-container\">\n\t\t\t\t\t\t\t\t\t<div class=\"elementor-button-wrapper\">\n\t\t\t\t\t<a class=\"elementor-button elementor-button-link elementor-size-sm\" href=\"tel:6194077878\">\n\t\t\t\t\t\t<span class=\"elementor-button-content-wrapper\">\n\t\t\t\t\t\t<span class=\"elementor-button-icon\">\n\t\t\t\t<i aria-hidden=\"true\" class=\"icon icon-phone\"><\/i>\t\t\t<\/span>\n\t\t\t\t\t\t\t\t\t<span class=\"elementor-button-text\">Llame ahora<\/span>\n\t\t\t\t\t<\/span>\n\t\t\t\t\t<\/a>\n\t\t\t\t<\/div>\n\t\t\t\t\t\t\t\t<\/div>\n\t\t\t\t<\/div>\n\t\t\t\t\t<\/div>\n\t\t<\/div>\n\t\t\t\t<div class=\"elementor-column elementor-col-50 elementor-inner-column elementor-element elementor-element-126f50c\" data-id=\"126f50c\" data-element_type=\"column\" data-e-type=\"column\">\n\t\t\t<div class=\"elementor-widget-wrap elementor-element-populated\">\n\t\t\t\t\t\t<div class=\"elementor-element elementor-element-de41828 elementor-align-justify elementor-widget elementor-widget-button\" data-id=\"de41828\" data-element_type=\"widget\" data-e-type=\"widget\" data-widget_type=\"button.default\">\n\t\t\t\t<div class=\"elementor-widget-container\">\n\t\t\t\t\t\t\t\t\t<div class=\"elementor-button-wrapper\">\n\t\t\t\t\t<a class=\"elementor-button elementor-button-link elementor-size-sm\" href=\"https:\/\/t.ly\/hcxH\" target=\"_blank\">\n\t\t\t\t\t\t<span class=\"elementor-button-content-wrapper\">\n\t\t\t\t\t\t<span class=\"elementor-button-icon\">\n\t\t\t\t<i aria-hidden=\"true\" class=\"icon icon-whatsapp-2\"><\/i>\t\t\t<\/span>\n\t\t\t\t\t\t\t\t\t<span class=\"elementor-button-text\">WhatsApp<\/span>\n\t\t\t\t\t<\/span>\n\t\t\t\t\t<\/a>\n\t\t\t\t<\/div>\n\t\t\t\t\t\t\t\t<\/div>\n\t\t\t\t<\/div>\n\t\t\t\t\t<\/div>\n\t\t<\/div>\n\t\t\t\t\t<\/div>\n\t\t<\/section>\n\t\t\t\t\t<\/div>\n\t\t<\/div>\n\t\t\t\t\t<\/div>\n\t\t<\/section>\n\t\t\t\t<\/div>\n\t\t","protected":false},"excerpt":{"rendered":"<p>Lorem ipsum dolor sit amet, consectetur adipiscing elit. Ut elit tellus, luctus nec ullamcorper mattis, pulvinar dapibus leo. Conozca a nuestro Director M\u00e9dico, el Doctor Jos\u00e9 A. Jim\u00e9nez Con m\u00e1s de 30 a\u00f1os de experiencia en la pr\u00e1ctica de la medicina, el Doctor Jim\u00e9nez aporta una pasi\u00f3n y un conocimiento por la salud y el [&hellip;]<\/p>\n","protected":false},"author":1,"featured_media":11696,"parent":0,"menu_order":0,"comment_status":"closed","ping_status":"closed","template":"","meta":{"footnotes":""},"class_list":["post-11996","page","type-page","status-publish","has-post-thumbnail","hentry"],"blocksy_meta":[],"yoast_head":"<!-- This site is optimized with the Yoast SEO plugin v27.5 - https:\/\/yoast.com\/product\/yoast-seo-wordpress\/ -->\n<title>Solo p\u00e1gina de prueba - Renovo Health and Beauty<\/title>\n<meta name=\"robots\" content=\"index, follow, max-snippet:-1, max-image-preview:large, max-video-preview:-1\" \/>\n<link rel=\"canonical\" href=\"https:\/\/renovohealthandbeauty.com\/es\/test-page-only\/\" \/>\n<meta property=\"og:locale\" content=\"es_ES\" \/>\n<meta property=\"og:type\" content=\"article\" \/>\n<meta property=\"og:title\" content=\"Solo p\u00e1gina de prueba - Renovo Health and Beauty\" \/>\n<meta property=\"og:description\" content=\"Lorem ipsum dolor sit amet, consectetur adipiscing elit. Ut elit tellus, luctus nec ullamcorper mattis, pulvinar dapibus leo. Conozca a nuestro Director M\u00e9dico, el Doctor Jos\u00e9 A. Jim\u00e9nez Con m\u00e1s de 30 a\u00f1os de experiencia en la pr\u00e1ctica de la medicina, el Doctor Jim\u00e9nez aporta una pasi\u00f3n y un conocimiento por la salud y el [&hellip;]\" \/>\n<meta property=\"og:url\" content=\"https:\/\/renovohealthandbeauty.com\/es\/test-page-only\/\" \/>\n<meta property=\"og:site_name\" content=\"Renovo Health and Beauty\" \/>\n<meta property=\"article:publisher\" content=\"https:\/\/www.facebook.com\/renovohealthandbeauty\" \/>\n<meta property=\"article:modified_time\" content=\"2026-05-05T20:59:46+00:00\" \/>\n<meta property=\"og:image\" content=\"https:\/\/renovohealthandbeauty.com\/wp-content\/uploads\/2026\/04\/Stem-Cell-Therapy-for-Knees-in-Mexico.webp\" \/>\n\t<meta property=\"og:image:width\" content=\"1344\" \/>\n\t<meta property=\"og:image:height\" content=\"896\" \/>\n\t<meta property=\"og:image:type\" content=\"image\/webp\" \/>\n<meta name=\"twitter:card\" content=\"summary_large_image\" \/>\n<meta name=\"twitter:label1\" content=\"Tiempo de lectura\" \/>\n\t<meta name=\"twitter:data1\" content=\"1 minuto\" \/>\n<script type=\"application\/ld+json\" class=\"yoast-schema-graph\">{\"@context\":\"https:\\\/\\\/schema.org\",\"@graph\":[{\"@type\":\"WebPage\",\"@id\":\"https:\\\/\\\/renovohealthandbeauty.com\\\/es\\\/test-page-only\\\/\",\"url\":\"https:\\\/\\\/renovohealthandbeauty.com\\\/es\\\/test-page-only\\\/\",\"name\":\"Solo p\u00e1gina de prueba - Renovo Health and Beauty\",\"isPartOf\":{\"@id\":\"https:\\\/\\\/renovohealthandbeauty.com\\\/es\\\/#website\"},\"primaryImageOfPage\":{\"@id\":\"https:\\\/\\\/renovohealthandbeauty.com\\\/es\\\/test-page-only\\\/#primaryimage\"},\"image\":{\"@id\":\"https:\\\/\\\/renovohealthandbeauty.com\\\/es\\\/test-page-only\\\/#primaryimage\"},\"thumbnailUrl\":\"https:\\\/\\\/renovohealthandbeauty.com\\\/wp-content\\\/uploads\\\/2026\\\/04\\\/Stem-Cell-Therapy-for-Knees-in-Mexico.webp\",\"datePublished\":\"2026-05-05T20:35:52+00:00\",\"dateModified\":\"2026-05-05T20:59:46+00:00\",\"breadcrumb\":{\"@id\":\"https:\\\/\\\/renovohealthandbeauty.com\\\/es\\\/test-page-only\\\/#breadcrumb\"},\"inLanguage\":\"es\",\"potentialAction\":[{\"@type\":\"ReadAction\",\"target\":[\"https:\\\/\\\/renovohealthandbeauty.com\\\/es\\\/test-page-only\\\/\"]}]},{\"@type\":\"ImageObject\",\"inLanguage\":\"es\",\"@id\":\"https:\\\/\\\/renovohealthandbeauty.com\\\/es\\\/test-page-only\\\/#primaryimage\",\"url\":\"https:\\\/\\\/renovohealthandbeauty.com\\\/wp-content\\\/uploads\\\/2026\\\/04\\\/Stem-Cell-Therapy-for-Knees-in-Mexico.webp\",\"contentUrl\":\"https:\\\/\\\/renovohealthandbeauty.com\\\/wp-content\\\/uploads\\\/2026\\\/04\\\/Stem-Cell-Therapy-for-Knees-in-Mexico.webp\",\"width\":1344,\"height\":896,\"caption\":\"Stem Cell Therapy for Knees in Mexico\"},{\"@type\":\"BreadcrumbList\",\"@id\":\"https:\\\/\\\/renovohealthandbeauty.com\\\/es\\\/test-page-only\\\/#breadcrumb\",\"itemListElement\":[{\"@type\":\"ListItem\",\"position\":1,\"name\":\"Hogar\",\"item\":\"https:\\\/\\\/renovohealthandbeauty.com\\\/es\\\/\"},{\"@type\":\"ListItem\",\"position\":2,\"name\":\"Solo p\u00e1gina de prueba\"}]},{\"@type\":\"WebSite\",\"@id\":\"https:\\\/\\\/renovohealthandbeauty.com\\\/es\\\/#website\",\"url\":\"https:\\\/\\\/renovohealthandbeauty.com\\\/es\\\/\",\"name\":\"Renovo Health and Beauty\",\"description\":\"Health and Beauty\",\"publisher\":{\"@id\":\"https:\\\/\\\/renovohealthandbeauty.com\\\/es\\\/#organization\"},\"potentialAction\":[{\"@type\":\"SearchAction\",\"target\":{\"@type\":\"EntryPoint\",\"urlTemplate\":\"https:\\\/\\\/renovohealthandbeauty.com\\\/es\\\/?s={search_term_string}\"},\"query-input\":{\"@type\":\"PropertyValueSpecification\",\"valueRequired\":true,\"valueName\":\"search_term_string\"}}],\"inLanguage\":\"es\"},{\"@type\":\"Organization\",\"@id\":\"https:\\\/\\\/renovohealthandbeauty.com\\\/es\\\/#organization\",\"name\":\"Renovo Health and Beauty\",\"url\":\"https:\\\/\\\/renovohealthandbeauty.com\\\/es\\\/\",\"logo\":{\"@type\":\"ImageObject\",\"inLanguage\":\"es\",\"@id\":\"https:\\\/\\\/renovohealthandbeauty.com\\\/es\\\/#\\\/schema\\\/logo\\\/image\\\/\",\"url\":\"https:\\\/\\\/renovohealthandbeauty.com\\\/wp-content\\\/uploads\\\/2022\\\/07\\\/favicon.png\",\"contentUrl\":\"https:\\\/\\\/renovohealthandbeauty.com\\\/wp-content\\\/uploads\\\/2022\\\/07\\\/favicon.png\",\"width\":267,\"height\":264,\"caption\":\"Renovo Health and Beauty\"},\"image\":{\"@id\":\"https:\\\/\\\/renovohealthandbeauty.com\\\/es\\\/#\\\/schema\\\/logo\\\/image\\\/\"},\"sameAs\":[\"https:\\\/\\\/www.facebook.com\\\/renovohealthandbeauty\",\"https:\\\/\\\/www.instagram.com\\\/renovohealthandbeauty\\\/\"]}]}<\/script>\n<!-- \/ Yoast SEO plugin. -->","yoast_head_json":{"title":"Solo p\u00e1gina de prueba - Renovo Health and Beauty","robots":{"index":"index","follow":"follow","max-snippet":"max-snippet:-1","max-image-preview":"max-image-preview:large","max-video-preview":"max-video-preview:-1"},"canonical":"https:\/\/renovohealthandbeauty.com\/es\/test-page-only\/","og_locale":"es_ES","og_type":"article","og_title":"Solo p\u00e1gina de prueba - Renovo Health and Beauty","og_description":"Lorem ipsum dolor sit amet, consectetur adipiscing elit. Ut elit tellus, luctus nec ullamcorper mattis, pulvinar dapibus leo. Conozca a nuestro Director M\u00e9dico, el Doctor Jos\u00e9 A. Jim\u00e9nez Con m\u00e1s de 30 a\u00f1os de experiencia en la pr\u00e1ctica de la medicina, el Doctor Jim\u00e9nez aporta una pasi\u00f3n y un conocimiento por la salud y el [&hellip;]","og_url":"https:\/\/renovohealthandbeauty.com\/es\/test-page-only\/","og_site_name":"Renovo Health and Beauty","article_publisher":"https:\/\/www.facebook.com\/renovohealthandbeauty","article_modified_time":"2026-05-05T20:59:46+00:00","og_image":[{"width":1344,"height":896,"url":"https:\/\/renovohealthandbeauty.com\/wp-content\/uploads\/2026\/04\/Stem-Cell-Therapy-for-Knees-in-Mexico.webp","type":"image\/webp"}],"twitter_card":"summary_large_image","twitter_misc":{"Tiempo de lectura":"1 minuto"},"schema":{"@context":"https:\/\/schema.org","@graph":[{"@type":"WebPage","@id":"https:\/\/renovohealthandbeauty.com\/es\/test-page-only\/","url":"https:\/\/renovohealthandbeauty.com\/es\/test-page-only\/","name":"Solo p\u00e1gina de prueba - Renovo Health and Beauty","isPartOf":{"@id":"https:\/\/renovohealthandbeauty.com\/es\/#website"},"primaryImageOfPage":{"@id":"https:\/\/renovohealthandbeauty.com\/es\/test-page-only\/#primaryimage"},"image":{"@id":"https:\/\/renovohealthandbeauty.com\/es\/test-page-only\/#primaryimage"},"thumbnailUrl":"https:\/\/renovohealthandbeauty.com\/wp-content\/uploads\/2026\/04\/Stem-Cell-Therapy-for-Knees-in-Mexico.webp","datePublished":"2026-05-05T20:35:52+00:00","dateModified":"2026-05-05T20:59:46+00:00","breadcrumb":{"@id":"https:\/\/renovohealthandbeauty.com\/es\/test-page-only\/#breadcrumb"},"inLanguage":"es","potentialAction":[{"@type":"ReadAction","target":["https:\/\/renovohealthandbeauty.com\/es\/test-page-only\/"]}]},{"@type":"ImageObject","inLanguage":"es","@id":"https:\/\/renovohealthandbeauty.com\/es\/test-page-only\/#primaryimage","url":"https:\/\/renovohealthandbeauty.com\/wp-content\/uploads\/2026\/04\/Stem-Cell-Therapy-for-Knees-in-Mexico.webp","contentUrl":"https:\/\/renovohealthandbeauty.com\/wp-content\/uploads\/2026\/04\/Stem-Cell-Therapy-for-Knees-in-Mexico.webp","width":1344,"height":896,"caption":"Stem Cell Therapy for Knees in Mexico"},{"@type":"BreadcrumbList","@id":"https:\/\/renovohealthandbeauty.com\/es\/test-page-only\/#breadcrumb","itemListElement":[{"@type":"ListItem","position":1,"name":"Hogar","item":"https:\/\/renovohealthandbeauty.com\/es\/"},{"@type":"ListItem","position":2,"name":"Solo p\u00e1gina de prueba"}]},{"@type":"WebSite","@id":"https:\/\/renovohealthandbeauty.com\/es\/#website","url":"https:\/\/renovohealthandbeauty.com\/es\/","name":"Renovo Health and Beauty","description":"Health and Beauty","publisher":{"@id":"https:\/\/renovohealthandbeauty.com\/es\/#organization"},"potentialAction":[{"@type":"SearchAction","target":{"@type":"EntryPoint","urlTemplate":"https:\/\/renovohealthandbeauty.com\/es\/?s={search_term_string}"},"query-input":{"@type":"PropertyValueSpecification","valueRequired":true,"valueName":"search_term_string"}}],"inLanguage":"es"},{"@type":"Organization","@id":"https:\/\/renovohealthandbeauty.com\/es\/#organization","name":"Renovo Health and Beauty","url":"https:\/\/renovohealthandbeauty.com\/es\/","logo":{"@type":"ImageObject","inLanguage":"es","@id":"https:\/\/renovohealthandbeauty.com\/es\/#\/schema\/logo\/image\/","url":"https:\/\/renovohealthandbeauty.com\/wp-content\/uploads\/2022\/07\/favicon.png","contentUrl":"https:\/\/renovohealthandbeauty.com\/wp-content\/uploads\/2022\/07\/favicon.png","width":267,"height":264,"caption":"Renovo Health and Beauty"},"image":{"@id":"https:\/\/renovohealthandbeauty.com\/es\/#\/schema\/logo\/image\/"},"sameAs":["https:\/\/www.facebook.com\/renovohealthandbeauty","https:\/\/www.instagram.com\/renovohealthandbeauty\/"]}]}},"_links":{"self":[{"href":"https:\/\/renovohealthandbeauty.com\/es\/wp-json\/wp\/v2\/pages\/11996","targetHints":{"allow":["GET"]}}],"collection":[{"href":"https:\/\/renovohealthandbeauty.com\/es\/wp-json\/wp\/v2\/pages"}],"about":[{"href":"https:\/\/renovohealthandbeauty.com\/es\/wp-json\/wp\/v2\/types\/page"}],"author":[{"embeddable":true,"href":"https:\/\/renovohealthandbeauty.com\/es\/wp-json\/wp\/v2\/users\/1"}],"replies":[{"embeddable":true,"href":"https:\/\/renovohealthandbeauty.com\/es\/wp-json\/wp\/v2\/comments?post=11996"}],"version-history":[{"count":0,"href":"https:\/\/renovohealthandbeauty.com\/es\/wp-json\/wp\/v2\/pages\/11996\/revisions"}],"wp:featuredmedia":[{"embeddable":true,"href":"https:\/\/renovohealthandbeauty.com\/es\/wp-json\/wp\/v2\/media\/11696"}],"wp:attachment":[{"href":"https:\/\/renovohealthandbeauty.com\/es\/wp-json\/wp\/v2\/media?parent=11996"}],"curies":[{"name":"wp","href":"https:\/\/api.w.org\/{rel}","templated":true}]}}