{"id":4797,"date":"2022-07-19T15:01:21","date_gmt":"2022-07-19T15:01:21","guid":{"rendered":"https:\/\/renovohealthandbeauty.com\/gracias\/"},"modified":"2024-06-10T20:17:36","modified_gmt":"2024-06-10T20:17:36","slug":"gracias","status":"publish","type":"page","link":"https:\/\/renovohealthandbeauty.com\/es\/gracias\/","title":{"rendered":"Gracias"},"content":{"rendered":"\t\t<div data-elementor-type=\"wp-page\" data-elementor-id=\"4797\" class=\"elementor elementor-4797 elementor-777\" data-elementor-post-type=\"page\">\n\t\t\t\t\t\t<section class=\"elementor-section elementor-top-section elementor-element elementor-element-b35c585 ct-section-stretched elementor-section-height-full elementor-section-content-middle elementor-section-boxed elementor-section-height-default elementor-section-items-middle\" data-id=\"b35c585\" data-element_type=\"section\" data-e-type=\"section\" data-settings=\"{&quot;background_background&quot;:&quot;gradient&quot;}\">\n\t\t\t\t\t\t\t<div class=\"elementor-background-overlay\"><\/div>\n\t\t\t\t\t\t\t<div class=\"elementor-container elementor-column-gap-default\">\n\t\t\t\t\t<div class=\"elementor-column elementor-col-100 elementor-top-column elementor-element elementor-element-3c18061\" data-id=\"3c18061\" data-element_type=\"column\" data-e-type=\"column\" data-settings=\"{&quot;background_background&quot;:&quot;classic&quot;}\">\n\t\t\t<div class=\"elementor-widget-wrap elementor-element-populated\">\n\t\t\t\t\t\t<div class=\"elementor-element elementor-element-f30c3b6 elementor-view-stacked elementor-shape-circle elementor-widget elementor-widget-icon\" data-id=\"f30c3b6\" data-element_type=\"widget\" data-e-type=\"widget\" data-widget_type=\"icon.default\">\n\t\t\t\t<div class=\"elementor-widget-container\">\n\t\t\t\t\t\t\t<div class=\"elementor-icon-wrapper\">\n\t\t\t<div class=\"elementor-icon\">\n\t\t\t<i aria-hidden=\"true\" class=\"fas fa-check-circle\"><\/i>\t\t\t<\/div>\n\t\t<\/div>\n\t\t\t\t\t\t<\/div>\n\t\t\t\t<\/div>\n\t\t\t\t<div class=\"elementor-element elementor-element-cc4cd09 elementor-widget elementor-widget-heading\" data-id=\"cc4cd09\" data-element_type=\"widget\" data-e-type=\"widget\" data-widget_type=\"heading.default\">\n\t\t\t\t<div class=\"elementor-widget-container\">\n\t\t\t\t\t<h1 class=\"elementor-heading-title elementor-size-default\">Gracias<\/h1>\t\t\t\t<\/div>\n\t\t\t\t<\/div>\n\t\t\t\t<div class=\"elementor-element elementor-element-2f9995a elementor-widget elementor-widget-text-editor\" data-id=\"2f9995a\" data-element_type=\"widget\" data-e-type=\"widget\" data-widget_type=\"text-editor.default\">\n\t\t\t\t<div class=\"elementor-widget-container\">\n\t\t\t\t\t\t\t\t\t<p><strong>Renovo Health and<\/strong> Beauty le agradece su inter\u00e9s por nuestros servicios. Un miembro del equipo le responder\u00e1 en un plazo de 24-48 horas sobre su solicitud.<\/p>\n\t\t\t\t\t\t\t\t<\/div>\n\t\t\t\t<\/div>\n\t\t\t\t<div class=\"elementor-element elementor-element-a1e5dbc elementor-alert-info elementor-widget elementor-widget-alert\" data-id=\"a1e5dbc\" data-element_type=\"widget\" data-e-type=\"widget\" data-widget_type=\"alert.default\">\n\t\t\t\t<div class=\"elementor-widget-container\">\n\t\t\t\t\t\t\t<div class=\"elementor-alert\" role=\"alert\">\n\n\t\t\t\t\t\t<span class=\"elementor-alert-title\">Recordatorio amistoso:<\/span>\n\t\t\t\n\t\t\t\t\t\t<span class=\"elementor-alert-description\"><p>Si nos ha solicitado un libro electr\u00f3nico y no lo ve en su bandeja de entrada, compruebe su carpeta de correo no deseado por si se est\u00e1 filtrando.<\/p>\n<\/span>\n\t\t\t\n\t\t\t\t\t\t<button type=\"button\" class=\"elementor-alert-dismiss\" aria-label=\"Descartar esta alerta.\">\n\t\t\t\t\t\t\t\t\t<span aria-hidden=\"true\">&times;<\/span>\n\t\t\t\t\t\t\t<\/button>\n\t\t\t\n\t\t<\/div>\n\t\t\t\t\t\t<\/div>\n\t\t\t\t<\/div>\n\t\t\t\t<div class=\"elementor-element elementor-element-99a5116 elementor-align-center elementor-widget elementor-widget-button\" data-id=\"99a5116\" data-element_type=\"widget\" data-e-type=\"widget\" data-widget_type=\"button.default\">\n\t\t\t\t<div class=\"elementor-widget-container\">\n\t\t\t\t\t\t\t\t\t<div class=\"elementor-button-wrapper\">\n\t\t\t\t\t<a class=\"elementor-button elementor-button-link elementor-size-md\" href=\"\/\">\n\t\t\t\t\t\t<span class=\"elementor-button-content-wrapper\">\n\t\t\t\t\t\t\t\t\t<span class=\"elementor-button-text\">Volver a la p\u00e1gina de inicio<\/span>\n\t\t\t\t\t<\/span>\n\t\t\t\t\t<\/a>\n\t\t\t\t<\/div>\n\t\t\t\t\t\t\t\t<\/div>\n\t\t\t\t<\/div>\n\t\t\t\t\t<\/div>\n\t\t<\/div>\n\t\t\t\t\t<\/div>\n\t\t<\/section>\n\t\t\t\t<\/div>\n\t\t","protected":false},"excerpt":{"rendered":"<p>Gracias Renovo Health and Beauty le agradece su inter\u00e9s por nuestros servicios. Un miembro del equipo le responder\u00e1 en un plazo de 24-48 horas sobre su solicitud. Recordatorio amistoso: Si nos ha solicitado un libro electr\u00f3nico y no lo ve en su bandeja de entrada, compruebe su carpeta de correo no deseado por si se [&hellip;]<\/p>\n","protected":false},"author":1,"featured_media":0,"parent":0,"menu_order":0,"comment_status":"closed","ping_status":"closed","template":"elementor_canvas","meta":{"footnotes":""},"class_list":["post-4797","page","type-page","status-publish","hentry"],"blocksy_meta":{"styles_descriptor":{"styles":{"desktop":"","tablet":"","mobile":""},"google_fonts":[],"version":6}},"yoast_head":"<!-- This site is optimized with the Yoast SEO plugin v27.4 - https:\/\/yoast.com\/product\/yoast-seo-wordpress\/ -->\n<title>Gracias - Renovo Health and Beauty<\/title>\n<meta name=\"robots\" content=\"index, follow, max-snippet:-1, max-image-preview:large, max-video-preview:-1\" \/>\n<link rel=\"canonical\" href=\"https:\/\/renovohealthandbeauty.com\/es\/gracias\/\" \/>\n<meta property=\"og:locale\" content=\"es_ES\" \/>\n<meta property=\"og:type\" content=\"article\" \/>\n<meta property=\"og:title\" content=\"Gracias - Renovo Health and Beauty\" \/>\n<meta property=\"og:description\" content=\"Gracias Renovo Health and Beauty le agradece su inter\u00e9s por nuestros servicios. Un miembro del equipo le responder\u00e1 en un plazo de 24-48 horas sobre su solicitud. Recordatorio amistoso: Si nos ha solicitado un libro electr\u00f3nico y no lo ve en su bandeja de entrada, compruebe su carpeta de correo no deseado por si se [&hellip;]\" \/>\n<meta property=\"og:url\" content=\"https:\/\/renovohealthandbeauty.com\/es\/gracias\/\" \/>\n<meta property=\"og:site_name\" content=\"Renovo Health and Beauty\" \/>\n<meta property=\"article:publisher\" content=\"https:\/\/www.facebook.com\/renovohealthandbeauty\" \/>\n<meta property=\"article:modified_time\" content=\"2024-06-10T20:17:36+00:00\" \/>\n<meta name=\"twitter:card\" content=\"summary_large_image\" \/>\n<meta name=\"twitter:label1\" content=\"Tiempo de lectura\" \/>\n\t<meta name=\"twitter:data1\" content=\"1 minuto\" \/>\n<script type=\"application\/ld+json\" class=\"yoast-schema-graph\">{\"@context\":\"https:\\\/\\\/schema.org\",\"@graph\":[{\"@type\":\"WebPage\",\"@id\":\"https:\\\/\\\/renovohealthandbeauty.com\\\/es\\\/gracias\\\/\",\"url\":\"https:\\\/\\\/renovohealthandbeauty.com\\\/es\\\/gracias\\\/\",\"name\":\"Gracias - Renovo Health and Beauty\",\"isPartOf\":{\"@id\":\"https:\\\/\\\/renovohealthandbeauty.com\\\/es\\\/#website\"},\"datePublished\":\"2022-07-19T15:01:21+00:00\",\"dateModified\":\"2024-06-10T20:17:36+00:00\",\"breadcrumb\":{\"@id\":\"https:\\\/\\\/renovohealthandbeauty.com\\\/es\\\/gracias\\\/#breadcrumb\"},\"inLanguage\":\"es\",\"potentialAction\":[{\"@type\":\"ReadAction\",\"target\":[\"https:\\\/\\\/renovohealthandbeauty.com\\\/es\\\/gracias\\\/\"]}]},{\"@type\":\"BreadcrumbList\",\"@id\":\"https:\\\/\\\/renovohealthandbeauty.com\\\/es\\\/gracias\\\/#breadcrumb\",\"itemListElement\":[{\"@type\":\"ListItem\",\"position\":1,\"name\":\"Hogar\",\"item\":\"https:\\\/\\\/renovohealthandbeauty.com\\\/es\\\/\"},{\"@type\":\"ListItem\",\"position\":2,\"name\":\"Gracias\"}]},{\"@type\":\"WebSite\",\"@id\":\"https:\\\/\\\/renovohealthandbeauty.com\\\/es\\\/#website\",\"url\":\"https:\\\/\\\/renovohealthandbeauty.com\\\/es\\\/\",\"name\":\"Renovo Health and Beauty\",\"description\":\"Health and Beauty\",\"publisher\":{\"@id\":\"https:\\\/\\\/renovohealthandbeauty.com\\\/es\\\/#organization\"},\"potentialAction\":[{\"@type\":\"SearchAction\",\"target\":{\"@type\":\"EntryPoint\",\"urlTemplate\":\"https:\\\/\\\/renovohealthandbeauty.com\\\/es\\\/?s={search_term_string}\"},\"query-input\":{\"@type\":\"PropertyValueSpecification\",\"valueRequired\":true,\"valueName\":\"search_term_string\"}}],\"inLanguage\":\"es\"},{\"@type\":\"Organization\",\"@id\":\"https:\\\/\\\/renovohealthandbeauty.com\\\/es\\\/#organization\",\"name\":\"Renovo Health and Beauty\",\"url\":\"https:\\\/\\\/renovohealthandbeauty.com\\\/es\\\/\",\"logo\":{\"@type\":\"ImageObject\",\"inLanguage\":\"es\",\"@id\":\"https:\\\/\\\/renovohealthandbeauty.com\\\/es\\\/#\\\/schema\\\/logo\\\/image\\\/\",\"url\":\"https:\\\/\\\/renovohealthandbeauty.com\\\/wp-content\\\/uploads\\\/2022\\\/07\\\/favicon.png\",\"contentUrl\":\"https:\\\/\\\/renovohealthandbeauty.com\\\/wp-content\\\/uploads\\\/2022\\\/07\\\/favicon.png\",\"width\":267,\"height\":264,\"caption\":\"Renovo Health and Beauty\"},\"image\":{\"@id\":\"https:\\\/\\\/renovohealthandbeauty.com\\\/es\\\/#\\\/schema\\\/logo\\\/image\\\/\"},\"sameAs\":[\"https:\\\/\\\/www.facebook.com\\\/renovohealthandbeauty\",\"https:\\\/\\\/www.instagram.com\\\/renovohealthandbeauty\\\/\"]}]}<\/script>\n<!-- \/ Yoast SEO plugin. -->","yoast_head_json":{"title":"Gracias - Renovo Health and Beauty","robots":{"index":"index","follow":"follow","max-snippet":"max-snippet:-1","max-image-preview":"max-image-preview:large","max-video-preview":"max-video-preview:-1"},"canonical":"https:\/\/renovohealthandbeauty.com\/es\/gracias\/","og_locale":"es_ES","og_type":"article","og_title":"Gracias - Renovo Health and Beauty","og_description":"Gracias Renovo Health and Beauty le agradece su inter\u00e9s por nuestros servicios. Un miembro del equipo le responder\u00e1 en un plazo de 24-48 horas sobre su solicitud. Recordatorio amistoso: Si nos ha solicitado un libro electr\u00f3nico y no lo ve en su bandeja de entrada, compruebe su carpeta de correo no deseado por si se [&hellip;]","og_url":"https:\/\/renovohealthandbeauty.com\/es\/gracias\/","og_site_name":"Renovo Health and Beauty","article_publisher":"https:\/\/www.facebook.com\/renovohealthandbeauty","article_modified_time":"2024-06-10T20:17:36+00:00","twitter_card":"summary_large_image","twitter_misc":{"Tiempo de lectura":"1 minuto"},"schema":{"@context":"https:\/\/schema.org","@graph":[{"@type":"WebPage","@id":"https:\/\/renovohealthandbeauty.com\/es\/gracias\/","url":"https:\/\/renovohealthandbeauty.com\/es\/gracias\/","name":"Gracias - Renovo Health and Beauty","isPartOf":{"@id":"https:\/\/renovohealthandbeauty.com\/es\/#website"},"datePublished":"2022-07-19T15:01:21+00:00","dateModified":"2024-06-10T20:17:36+00:00","breadcrumb":{"@id":"https:\/\/renovohealthandbeauty.com\/es\/gracias\/#breadcrumb"},"inLanguage":"es","potentialAction":[{"@type":"ReadAction","target":["https:\/\/renovohealthandbeauty.com\/es\/gracias\/"]}]},{"@type":"BreadcrumbList","@id":"https:\/\/renovohealthandbeauty.com\/es\/gracias\/#breadcrumb","itemListElement":[{"@type":"ListItem","position":1,"name":"Hogar","item":"https:\/\/renovohealthandbeauty.com\/es\/"},{"@type":"ListItem","position":2,"name":"Gracias"}]},{"@type":"WebSite","@id":"https:\/\/renovohealthandbeauty.com\/es\/#website","url":"https:\/\/renovohealthandbeauty.com\/es\/","name":"Renovo Health and Beauty","description":"Health and Beauty","publisher":{"@id":"https:\/\/renovohealthandbeauty.com\/es\/#organization"},"potentialAction":[{"@type":"SearchAction","target":{"@type":"EntryPoint","urlTemplate":"https:\/\/renovohealthandbeauty.com\/es\/?s={search_term_string}"},"query-input":{"@type":"PropertyValueSpecification","valueRequired":true,"valueName":"search_term_string"}}],"inLanguage":"es"},{"@type":"Organization","@id":"https:\/\/renovohealthandbeauty.com\/es\/#organization","name":"Renovo Health and Beauty","url":"https:\/\/renovohealthandbeauty.com\/es\/","logo":{"@type":"ImageObject","inLanguage":"es","@id":"https:\/\/renovohealthandbeauty.com\/es\/#\/schema\/logo\/image\/","url":"https:\/\/renovohealthandbeauty.com\/wp-content\/uploads\/2022\/07\/favicon.png","contentUrl":"https:\/\/renovohealthandbeauty.com\/wp-content\/uploads\/2022\/07\/favicon.png","width":267,"height":264,"caption":"Renovo Health and Beauty"},"image":{"@id":"https:\/\/renovohealthandbeauty.com\/es\/#\/schema\/logo\/image\/"},"sameAs":["https:\/\/www.facebook.com\/renovohealthandbeauty","https:\/\/www.instagram.com\/renovohealthandbeauty\/"]}]}},"_links":{"self":[{"href":"https:\/\/renovohealthandbeauty.com\/es\/wp-json\/wp\/v2\/pages\/4797","targetHints":{"allow":["GET"]}}],"collection":[{"href":"https:\/\/renovohealthandbeauty.com\/es\/wp-json\/wp\/v2\/pages"}],"about":[{"href":"https:\/\/renovohealthandbeauty.com\/es\/wp-json\/wp\/v2\/types\/page"}],"author":[{"embeddable":true,"href":"https:\/\/renovohealthandbeauty.com\/es\/wp-json\/wp\/v2\/users\/1"}],"replies":[{"embeddable":true,"href":"https:\/\/renovohealthandbeauty.com\/es\/wp-json\/wp\/v2\/comments?post=4797"}],"version-history":[{"count":0,"href":"https:\/\/renovohealthandbeauty.com\/es\/wp-json\/wp\/v2\/pages\/4797\/revisions"}],"wp:attachment":[{"href":"https:\/\/renovohealthandbeauty.com\/es\/wp-json\/wp\/v2\/media?parent=4797"}],"curies":[{"name":"wp","href":"https:\/\/api.w.org\/{rel}","templated":true}]}}