{"id":6249,"date":"2024-09-16T17:58:43","date_gmt":"2024-09-16T17:58:43","guid":{"rendered":"https:\/\/renovohealthandbeauty.com\/politica-de-privacidad\/"},"modified":"2025-12-16T19:56:34","modified_gmt":"2025-12-16T19:56:34","slug":"politica-de-privacidad","status":"publish","type":"page","link":"https:\/\/renovohealthandbeauty.com\/es\/politica-de-privacidad\/","title":{"rendered":"Pol\u00edtica de privacidad"},"content":{"rendered":"\t\t<div data-elementor-type=\"wp-page\" data-elementor-id=\"6249\" class=\"elementor elementor-6249 elementor-6247\" data-elementor-post-type=\"page\">\n\t\t\t\t\t\t<section class=\"elementor-section elementor-top-section elementor-element elementor-element-2a2500f3 elementor-section-boxed elementor-section-height-default elementor-section-height-default\" data-id=\"2a2500f3\" data-element_type=\"section\" data-e-type=\"section\">\n\t\t\t\t\t\t<div class=\"elementor-container elementor-column-gap-default\">\n\t\t\t\t\t<div class=\"elementor-column elementor-col-100 elementor-top-column elementor-element elementor-element-62d83f90\" data-id=\"62d83f90\" data-element_type=\"column\" data-e-type=\"column\">\n\t\t\t<div class=\"elementor-widget-wrap elementor-element-populated\">\n\t\t\t\t\t\t<div class=\"elementor-element elementor-element-4ed20731 elementor-widget elementor-widget-text-editor\" data-id=\"4ed20731\" data-element_type=\"widget\" data-e-type=\"widget\" data-widget_type=\"text-editor.default\">\n\t\t\t\t<div class=\"elementor-widget-container\">\n\t\t\t\t\t\t\t\t\t<h3 class=\"wp-block-heading\">DECLARACI\u00d3N DE PRIVACIDAD<\/h3><p>Estamos comprometidos a proteger su privacidad y desarrollar tecnolog\u00eda que le brinde la experiencia en l\u00ednea m\u00e1s poderosa y segura. Esta Declaraci\u00f3n de Privacidad se aplica al sitio web de nuestra Pr\u00e1ctica y rige la recopilaci\u00f3n y el uso de datos. Al utilizar este sitio web, usted acepta las pr\u00e1cticas de datos descritas en esta declaraci\u00f3n.  <\/p><h3 class=\"wp-block-heading\">Recopilaci\u00f3n de su informaci\u00f3n personal<\/h3><p>Esta Pr\u00e1ctica recopila informaci\u00f3n de identificaci\u00f3n personal, como su direcci\u00f3n de correo electr\u00f3nico, nombre, direcci\u00f3n de casa o trabajo, o n\u00famero de tel\u00e9fono. Esta pr\u00e1ctica tambi\u00e9n recopila informaci\u00f3n demogr\u00e1fica an\u00f3nima, que no es exclusiva de usted, como su c\u00f3digo postal, edad, sexo, preferencias, intereses y favoritos. <\/p><p>Tambi\u00e9n hay informaci\u00f3n sobre el hardware y el software de su computadora que es recopilada autom\u00e1ticamente por este sitio web. Esta informaci\u00f3n puede incluir su direcci\u00f3n IP, tipo de navegador, nombres de dominio, horas de acceso y direcciones de sitios web de referencia. Esta informaci\u00f3n se utiliza para el funcionamiento del servicio, para mantener la calidad del servicio y para proporcionar estad\u00edsticas generales sobre el uso de este sitio web.  <\/p><p>Tenga en cuenta que si divulga directamente informaci\u00f3n de identificaci\u00f3n personal o datos personales confidenciales a trav\u00e9s de tableros de mensajes p\u00fablicos, esta informaci\u00f3n puede ser recopilada y utilizada por otros.<\/p><p>Esta Pr\u00e1ctica le anima a revisar las declaraciones de privacidad de los sitios web a los que elija vincularse desde el sitio web para que pueda comprender c\u00f3mo esos sitios web recopilan, usan y comparten su informaci\u00f3n. Esta Pr\u00e1ctica no es responsable de las declaraciones de privacidad u otro contenido de ning\u00fan otro sitio web. <\/p><h3 class=\"wp-block-heading\">Uso de su informaci\u00f3n personal<\/h3><p>Esta Pr\u00e1ctica recopila y utiliza su informaci\u00f3n personal para operar el sitio web y brindar los servicios que ha solicitado. Esta Pr\u00e1ctica tambi\u00e9n utiliza su informaci\u00f3n de identificaci\u00f3n personal para informarle sobre otros productos o servicios disponibles en esta Pr\u00e1ctica y sus afiliados. Este Consultorio tambi\u00e9n puede ponerse en contacto con usted a trav\u00e9s de encuestas para realizar investigaciones sobre su opini\u00f3n sobre los servicios actuales o sobre los posibles nuevos servicios que se pueden ofrecer.  <\/p><p>Esta Pr\u00e1ctica no vende, alquila o arrienda sus listas de clientes a terceros. Esta Pr\u00e1ctica puede compartir datos con socios de confianza para ayudarnos a realizar an\u00e1lisis estad\u00edsticos, enviarle correo electr\u00f3nico o correo postal, brindar atenci\u00f3n al cliente u organizar entregas. Todos estos terceros tienen prohibido utilizar su informaci\u00f3n personal, excepto para proporcionar estos servicios, y est\u00e1n obligados a mantener la confidencialidad de su informaci\u00f3n.  <\/p><p>Esta Pr\u00e1ctica no utiliza ni divulga informaci\u00f3n personal confidencial, como raza, religi\u00f3n o afiliaciones pol\u00edticas, sin su consentimiento expl\u00edcito.<\/p><p>Esta Pr\u00e1ctica divulgar\u00e1 su informaci\u00f3n personal, sin previo aviso, solo si as\u00ed lo exige la ley.<\/p><p><em>No se compartir\u00e1 informaci\u00f3n m\u00f3vil con terceros\/afiliados con fines de marketing\/promoci\u00f3n. Todas las solicitudes de inclusi\u00f3n incluyen los datos de inclusi\u00f3n y el consentimiento del originador de mensajes de texto; Esta informaci\u00f3n no se compartir\u00e1 con terceros. <\/em><\/p><h3 class=\"wp-block-heading\">Uso de cookies<\/h3><p>El sitio web utiliza \u00abcookies\u00bb para ayudar a esta Pr\u00e1ctica a personalizar su experiencia en l\u00ednea. Una cookie es un archivo de texto que un servidor de p\u00e1ginas web coloca en su disco duro. Las cookies no se pueden utilizar para ejecutar programas o enviar virus a su computadora. Las cookies se asignan de forma \u00fanica a usted y solo pueden ser le\u00eddas por un servidor web en el dominio que emiti\u00f3 la cookie.   <\/p><h3 class=\"wp-block-heading\">Seguridad de su informaci\u00f3n personal<\/h3><p>Esta Pr\u00e1ctica protege su informaci\u00f3n personal del acceso, uso o divulgaci\u00f3n no autorizados. Esta Pr\u00e1ctica asegura la informaci\u00f3n de identificaci\u00f3n personal que usted proporciona en servidores inform\u00e1ticos en un entorno controlado y seguro, protegido contra el acceso, uso o divulgaci\u00f3n no autorizados. Cuando la informaci\u00f3n personal (como un n\u00famero de tarjeta de cr\u00e9dito) se transmite a otros sitios web, se protege mediante el uso de cifrado, como el protocolo Secure Socket Layer (SSL).  <\/p><h3 class=\"wp-block-heading\">Cambios a esta Declaraci\u00f3n<\/h3><p>Esta Pr\u00e1ctica actualizar\u00e1 ocasionalmente esta Declaraci\u00f3n de Privacidad para reflejar los comentarios de la empresa y del cliente. Le recomendamos que revise peri\u00f3dicamente esta Declaraci\u00f3n para estar informado de c\u00f3mo esta Pr\u00e1ctica est\u00e1 protegiendo su informaci\u00f3n. <\/p><h3 class=\"wp-block-heading\">Informaci\u00f3n de contacto<\/h3><p>Por favor cont\u00e1ctenos por tel\u00e9fono al <a href=\"tel:6194077878\" target=\"_blank\" rel=\"noreferrer noopener\">(619) 407 7878<\/a> o por correo a Central Toreo, Av. Ignacio Zaragoza 2750 int 605, Piso 6, Calette, 22044 Tijuana, B.C5. <\/p>\t\t\t\t\t\t\t\t<\/div>\n\t\t\t\t<\/div>\n\t\t\t\t\t<\/div>\n\t\t<\/div>\n\t\t\t\t\t<\/div>\n\t\t<\/section>\n\t\t\t\t<\/div>\n\t\t","protected":false},"excerpt":{"rendered":"<p>DECLARACI\u00d3N DE PRIVACIDAD Estamos comprometidos a proteger su privacidad y desarrollar tecnolog\u00eda que le brinde la experiencia en l\u00ednea m\u00e1s poderosa y segura. Esta Declaraci\u00f3n de Privacidad se aplica al sitio web de nuestra Pr\u00e1ctica y rige la recopilaci\u00f3n y el uso de datos. Al utilizar este sitio web, usted acepta las pr\u00e1cticas de datos [&hellip;]<\/p>\n","protected":false},"author":1,"featured_media":6161,"parent":0,"menu_order":0,"comment_status":"closed","ping_status":"closed","template":"elementor_theme","meta":{"footnotes":""},"class_list":["post-6249","page","type-page","status-publish","has-post-thumbnail","hentry"],"blocksy_meta":{"vertical_spacing_source":"custom","styles_descriptor":{"styles":{"desktop":"","tablet":"","mobile":""},"google_fonts":[],"version":6}},"yoast_head":"<!-- This site is optimized with the Yoast SEO plugin v27.3 - https:\/\/yoast.com\/product\/yoast-seo-wordpress\/ -->\n<title>Pol\u00edtica de privacidad - Renovo Health and Beauty<\/title>\n<meta name=\"robots\" content=\"index, follow, max-snippet:-1, max-image-preview:large, max-video-preview:-1\" \/>\n<link rel=\"canonical\" href=\"https:\/\/renovohealthandbeauty.com\/es\/politica-de-privacidad\/\" \/>\n<meta property=\"og:locale\" content=\"es_ES\" \/>\n<meta property=\"og:type\" content=\"article\" \/>\n<meta property=\"og:title\" content=\"Pol\u00edtica de privacidad - Renovo Health and Beauty\" \/>\n<meta property=\"og:description\" content=\"DECLARACI\u00d3N DE PRIVACIDAD Estamos comprometidos a proteger su privacidad y desarrollar tecnolog\u00eda que le brinde la experiencia en l\u00ednea m\u00e1s poderosa y segura. Esta Declaraci\u00f3n de Privacidad se aplica al sitio web de nuestra Pr\u00e1ctica y rige la recopilaci\u00f3n y el uso de datos. Al utilizar este sitio web, usted acepta las pr\u00e1cticas de datos [&hellip;]\" \/>\n<meta property=\"og:url\" content=\"https:\/\/renovohealthandbeauty.com\/es\/politica-de-privacidad\/\" \/>\n<meta property=\"og:site_name\" content=\"Renovo Health and Beauty\" \/>\n<meta property=\"article:publisher\" content=\"https:\/\/www.facebook.com\/renovohealthandbeauty\" \/>\n<meta property=\"article:modified_time\" content=\"2025-12-16T19:56:34+00:00\" \/>\n<meta property=\"og:image\" content=\"https:\/\/renovohealthandbeauty.com\/wp-content\/uploads\/2024\/09\/Is-Stem-Cell-Therapy-in-Mexico-Safe-2.webp\" \/>\n\t<meta property=\"og:image:width\" content=\"1344\" \/>\n\t<meta property=\"og:image:height\" content=\"896\" \/>\n\t<meta property=\"og:image:type\" content=\"image\/webp\" \/>\n<meta name=\"twitter:card\" content=\"summary_large_image\" \/>\n<meta name=\"twitter:label1\" content=\"Tiempo de lectura\" \/>\n\t<meta name=\"twitter:data1\" content=\"4 minutos\" \/>\n<script type=\"application\/ld+json\" class=\"yoast-schema-graph\">{\"@context\":\"https:\\\/\\\/schema.org\",\"@graph\":[{\"@type\":\"WebPage\",\"@id\":\"https:\\\/\\\/renovohealthandbeauty.com\\\/es\\\/politica-de-privacidad\\\/\",\"url\":\"https:\\\/\\\/renovohealthandbeauty.com\\\/es\\\/politica-de-privacidad\\\/\",\"name\":\"Pol\u00edtica de privacidad - Renovo Health and Beauty\",\"isPartOf\":{\"@id\":\"https:\\\/\\\/renovohealthandbeauty.com\\\/es\\\/#website\"},\"primaryImageOfPage\":{\"@id\":\"https:\\\/\\\/renovohealthandbeauty.com\\\/es\\\/politica-de-privacidad\\\/#primaryimage\"},\"image\":{\"@id\":\"https:\\\/\\\/renovohealthandbeauty.com\\\/es\\\/politica-de-privacidad\\\/#primaryimage\"},\"thumbnailUrl\":\"https:\\\/\\\/renovohealthandbeauty.com\\\/wp-content\\\/uploads\\\/2024\\\/09\\\/Is-Stem-Cell-Therapy-in-Mexico-Safe-2.webp\",\"datePublished\":\"2024-09-16T17:58:43+00:00\",\"dateModified\":\"2025-12-16T19:56:34+00:00\",\"breadcrumb\":{\"@id\":\"https:\\\/\\\/renovohealthandbeauty.com\\\/es\\\/politica-de-privacidad\\\/#breadcrumb\"},\"inLanguage\":\"es\",\"potentialAction\":[{\"@type\":\"ReadAction\",\"target\":[\"https:\\\/\\\/renovohealthandbeauty.com\\\/es\\\/politica-de-privacidad\\\/\"]}]},{\"@type\":\"ImageObject\",\"inLanguage\":\"es\",\"@id\":\"https:\\\/\\\/renovohealthandbeauty.com\\\/es\\\/politica-de-privacidad\\\/#primaryimage\",\"url\":\"https:\\\/\\\/renovohealthandbeauty.com\\\/wp-content\\\/uploads\\\/2024\\\/09\\\/Is-Stem-Cell-Therapy-in-Mexico-Safe-2.webp\",\"contentUrl\":\"https:\\\/\\\/renovohealthandbeauty.com\\\/wp-content\\\/uploads\\\/2024\\\/09\\\/Is-Stem-Cell-Therapy-in-Mexico-Safe-2.webp\",\"width\":1344,\"height\":896,\"caption\":\"Is Stem Cell Therapy in Mexico Safe 2\"},{\"@type\":\"BreadcrumbList\",\"@id\":\"https:\\\/\\\/renovohealthandbeauty.com\\\/es\\\/politica-de-privacidad\\\/#breadcrumb\",\"itemListElement\":[{\"@type\":\"ListItem\",\"position\":1,\"name\":\"Hogar\",\"item\":\"https:\\\/\\\/renovohealthandbeauty.com\\\/es\\\/\"},{\"@type\":\"ListItem\",\"position\":2,\"name\":\"Pol\u00edtica de privacidad\"}]},{\"@type\":\"WebSite\",\"@id\":\"https:\\\/\\\/renovohealthandbeauty.com\\\/es\\\/#website\",\"url\":\"https:\\\/\\\/renovohealthandbeauty.com\\\/es\\\/\",\"name\":\"Renovo Health and Beauty\",\"description\":\"Health and Beauty\",\"publisher\":{\"@id\":\"https:\\\/\\\/renovohealthandbeauty.com\\\/es\\\/#organization\"},\"potentialAction\":[{\"@type\":\"SearchAction\",\"target\":{\"@type\":\"EntryPoint\",\"urlTemplate\":\"https:\\\/\\\/renovohealthandbeauty.com\\\/es\\\/?s={search_term_string}\"},\"query-input\":{\"@type\":\"PropertyValueSpecification\",\"valueRequired\":true,\"valueName\":\"search_term_string\"}}],\"inLanguage\":\"es\"},{\"@type\":\"Organization\",\"@id\":\"https:\\\/\\\/renovohealthandbeauty.com\\\/es\\\/#organization\",\"name\":\"Renovo Health and Beauty\",\"url\":\"https:\\\/\\\/renovohealthandbeauty.com\\\/es\\\/\",\"logo\":{\"@type\":\"ImageObject\",\"inLanguage\":\"es\",\"@id\":\"https:\\\/\\\/renovohealthandbeauty.com\\\/es\\\/#\\\/schema\\\/logo\\\/image\\\/\",\"url\":\"https:\\\/\\\/renovohealthandbeauty.com\\\/wp-content\\\/uploads\\\/2022\\\/07\\\/favicon.png\",\"contentUrl\":\"https:\\\/\\\/renovohealthandbeauty.com\\\/wp-content\\\/uploads\\\/2022\\\/07\\\/favicon.png\",\"width\":267,\"height\":264,\"caption\":\"Renovo Health and Beauty\"},\"image\":{\"@id\":\"https:\\\/\\\/renovohealthandbeauty.com\\\/es\\\/#\\\/schema\\\/logo\\\/image\\\/\"},\"sameAs\":[\"https:\\\/\\\/www.facebook.com\\\/renovohealthandbeauty\",\"https:\\\/\\\/www.instagram.com\\\/renovohealthandbeauty\\\/\"]}]}<\/script>\n<!-- \/ Yoast SEO plugin. -->","yoast_head_json":{"title":"Pol\u00edtica de privacidad - Renovo Health and Beauty","robots":{"index":"index","follow":"follow","max-snippet":"max-snippet:-1","max-image-preview":"max-image-preview:large","max-video-preview":"max-video-preview:-1"},"canonical":"https:\/\/renovohealthandbeauty.com\/es\/politica-de-privacidad\/","og_locale":"es_ES","og_type":"article","og_title":"Pol\u00edtica de privacidad - Renovo Health and Beauty","og_description":"DECLARACI\u00d3N DE PRIVACIDAD Estamos comprometidos a proteger su privacidad y desarrollar tecnolog\u00eda que le brinde la experiencia en l\u00ednea m\u00e1s poderosa y segura. Esta Declaraci\u00f3n de Privacidad se aplica al sitio web de nuestra Pr\u00e1ctica y rige la recopilaci\u00f3n y el uso de datos. Al utilizar este sitio web, usted acepta las pr\u00e1cticas de datos [&hellip;]","og_url":"https:\/\/renovohealthandbeauty.com\/es\/politica-de-privacidad\/","og_site_name":"Renovo Health and Beauty","article_publisher":"https:\/\/www.facebook.com\/renovohealthandbeauty","article_modified_time":"2025-12-16T19:56:34+00:00","og_image":[{"width":1344,"height":896,"url":"https:\/\/renovohealthandbeauty.com\/wp-content\/uploads\/2024\/09\/Is-Stem-Cell-Therapy-in-Mexico-Safe-2.webp","type":"image\/webp"}],"twitter_card":"summary_large_image","twitter_misc":{"Tiempo de lectura":"4 minutos"},"schema":{"@context":"https:\/\/schema.org","@graph":[{"@type":"WebPage","@id":"https:\/\/renovohealthandbeauty.com\/es\/politica-de-privacidad\/","url":"https:\/\/renovohealthandbeauty.com\/es\/politica-de-privacidad\/","name":"Pol\u00edtica de privacidad - Renovo Health and Beauty","isPartOf":{"@id":"https:\/\/renovohealthandbeauty.com\/es\/#website"},"primaryImageOfPage":{"@id":"https:\/\/renovohealthandbeauty.com\/es\/politica-de-privacidad\/#primaryimage"},"image":{"@id":"https:\/\/renovohealthandbeauty.com\/es\/politica-de-privacidad\/#primaryimage"},"thumbnailUrl":"https:\/\/renovohealthandbeauty.com\/wp-content\/uploads\/2024\/09\/Is-Stem-Cell-Therapy-in-Mexico-Safe-2.webp","datePublished":"2024-09-16T17:58:43+00:00","dateModified":"2025-12-16T19:56:34+00:00","breadcrumb":{"@id":"https:\/\/renovohealthandbeauty.com\/es\/politica-de-privacidad\/#breadcrumb"},"inLanguage":"es","potentialAction":[{"@type":"ReadAction","target":["https:\/\/renovohealthandbeauty.com\/es\/politica-de-privacidad\/"]}]},{"@type":"ImageObject","inLanguage":"es","@id":"https:\/\/renovohealthandbeauty.com\/es\/politica-de-privacidad\/#primaryimage","url":"https:\/\/renovohealthandbeauty.com\/wp-content\/uploads\/2024\/09\/Is-Stem-Cell-Therapy-in-Mexico-Safe-2.webp","contentUrl":"https:\/\/renovohealthandbeauty.com\/wp-content\/uploads\/2024\/09\/Is-Stem-Cell-Therapy-in-Mexico-Safe-2.webp","width":1344,"height":896,"caption":"Is Stem Cell Therapy in Mexico Safe 2"},{"@type":"BreadcrumbList","@id":"https:\/\/renovohealthandbeauty.com\/es\/politica-de-privacidad\/#breadcrumb","itemListElement":[{"@type":"ListItem","position":1,"name":"Hogar","item":"https:\/\/renovohealthandbeauty.com\/es\/"},{"@type":"ListItem","position":2,"name":"Pol\u00edtica de privacidad"}]},{"@type":"WebSite","@id":"https:\/\/renovohealthandbeauty.com\/es\/#website","url":"https:\/\/renovohealthandbeauty.com\/es\/","name":"Renovo Health and Beauty","description":"Health and Beauty","publisher":{"@id":"https:\/\/renovohealthandbeauty.com\/es\/#organization"},"potentialAction":[{"@type":"SearchAction","target":{"@type":"EntryPoint","urlTemplate":"https:\/\/renovohealthandbeauty.com\/es\/?s={search_term_string}"},"query-input":{"@type":"PropertyValueSpecification","valueRequired":true,"valueName":"search_term_string"}}],"inLanguage":"es"},{"@type":"Organization","@id":"https:\/\/renovohealthandbeauty.com\/es\/#organization","name":"Renovo Health and Beauty","url":"https:\/\/renovohealthandbeauty.com\/es\/","logo":{"@type":"ImageObject","inLanguage":"es","@id":"https:\/\/renovohealthandbeauty.com\/es\/#\/schema\/logo\/image\/","url":"https:\/\/renovohealthandbeauty.com\/wp-content\/uploads\/2022\/07\/favicon.png","contentUrl":"https:\/\/renovohealthandbeauty.com\/wp-content\/uploads\/2022\/07\/favicon.png","width":267,"height":264,"caption":"Renovo Health and Beauty"},"image":{"@id":"https:\/\/renovohealthandbeauty.com\/es\/#\/schema\/logo\/image\/"},"sameAs":["https:\/\/www.facebook.com\/renovohealthandbeauty","https:\/\/www.instagram.com\/renovohealthandbeauty\/"]}]}},"_links":{"self":[{"href":"https:\/\/renovohealthandbeauty.com\/es\/wp-json\/wp\/v2\/pages\/6249","targetHints":{"allow":["GET"]}}],"collection":[{"href":"https:\/\/renovohealthandbeauty.com\/es\/wp-json\/wp\/v2\/pages"}],"about":[{"href":"https:\/\/renovohealthandbeauty.com\/es\/wp-json\/wp\/v2\/types\/page"}],"author":[{"embeddable":true,"href":"https:\/\/renovohealthandbeauty.com\/es\/wp-json\/wp\/v2\/users\/1"}],"replies":[{"embeddable":true,"href":"https:\/\/renovohealthandbeauty.com\/es\/wp-json\/wp\/v2\/comments?post=6249"}],"version-history":[{"count":0,"href":"https:\/\/renovohealthandbeauty.com\/es\/wp-json\/wp\/v2\/pages\/6249\/revisions"}],"wp:featuredmedia":[{"embeddable":true,"href":"https:\/\/renovohealthandbeauty.com\/es\/wp-json\/wp\/v2\/media\/6161"}],"wp:attachment":[{"href":"https:\/\/renovohealthandbeauty.com\/es\/wp-json\/wp\/v2\/media?parent=6249"}],"curies":[{"name":"wp","href":"https:\/\/api.w.org\/{rel}","templated":true}]}}